{"id":557,"date":"2017-12-19T16:02:38","date_gmt":"2017-12-19T16:02:38","guid":{"rendered":"https:\/\/lefever.info\/trekpleisters\/"},"modified":"2018-01-10T15:10:49","modified_gmt":"2018-01-10T15:10:49","slug":"attractions","status":"publish","type":"page","link":"https:\/\/lefever.info\/fr\/attractions\/","title":{"rendered":"Attractions"},"content":{"rendered":"<div class=\"fusion-fullwidth fullwidth-box fusion-builder-row-1 nonhundred-percent-fullwidth non-hundred-percent-height-scrolling\" style=\"--awb-border-radius-top-left:0px;--awb-border-radius-top-right:0px;--awb-border-radius-bottom-right:0px;--awb-border-radius-bottom-left:0px;--awb-flex-wrap:wrap;\" ><div class=\"fusion-builder-row fusion-row\"><div class=\"fusion-layout-column fusion_builder_column fusion-builder-column-0 fusion_builder_column_1_1 1_1 fusion-one-full fusion-column-first fusion-column-last\" style=\"--awb-bg-size:cover;--awb-margin-bottom:0px;\"><div class=\"fusion-column-wrapper fusion-flex-column-wrapper-legacy\"><div class=\"fusion-title title fusion-title-1 fusion-sep-none fusion-title-text fusion-title-size-one\"><h1 class=\"fusion-title-heading title-heading-left\" style=\"margin:0;\">Attractions touristiques<\/h1><\/div><div class=\"fusion-clearfix\"><\/div><\/div><\/div><div class=\"fusion-layout-column fusion_builder_column fusion-builder-column-1 fusion_builder_column_1_2 1_2 fusion-one-half fusion-column-first\" style=\"--awb-bg-size:cover;--awb-margin-bottom:0px;width:48%; margin-right: 4%;\"><div class=\"fusion-column-wrapper fusion-flex-column-wrapper-legacy\"><div class=\"fusion-text fusion-text-1\"><p>Bienvenue \u00e0 De Klijte qui fait partie du Heuvelland o\u00f9 vos r\u00eaves deviennent r\u00e9alit\u00e9!<\/p>\n<p>Est-ce que vous connaissez d\u00e9j\u00e0 le Mont Kemmel, La March\u00e9 au Sucre ou la march\u00e9 de puces \u00e0 Kemmel. Le festival \u00e0 Dranouter etc?<\/p>\n<p>D\u00e9couvrez les plaisirs de notre belle r\u00e9gion en empruntant l&rsquo;un des nombreux itin\u00e9raires p\u00e9destres ou cyclistes qui m\u00e8nent \u00e0 travers bois et r\u00e9serves naturelles avec des vues spectaculaires.<\/p>\n<p>426 Hectares de beaut\u00e9 naturelle et de for\u00eats, 250 km de plaisir de marche, des circuits p\u00e9destres tr\u00e8s agr\u00e9ables pr\u00e9programm\u00e9s, chemin de randonn\u00e9e Mont Kemmel en v\u00e9lo vous traversez notre belle r\u00e9gion au long des collines, \u00e9tape de montagne pour les grimpeurs de 42 \u00e0 116 km, \u00e0 travers \u00ab\u00a0La Schreve\u00a0\u00bb 46 km et 45 km le r\u00e9seau de points-noeuds pour un millier de kilom\u00e8tres de plaisir \u00e0 v\u00e9lo.<\/p>\n<p>Kemmel:<\/p>\n<ul>\n<li>Site du\u00a0 Lettenberg: Abri pour les Anglais Premi\u00e8re Guerre Mondiale<\/li>\n<li>Ch\u00e2teau\u201cDe Warande\u201d et parc de Warande<\/li>\n<li>Mus\u00e9e de l&rsquo;Agriculture<\/li>\n<li>Le Monument Fran\u00e7ais \u00ab\u00a0l&rsquo;Ange\u00a0\u00bb<\/li>\n<li>l&rsquo;Ossuaire Fran\u00e7ais de la Premi\u00e8re Guerre Mondiale<\/li>\n<li>Office du tourisme\u201cHet Heuvelland\u201d<\/li>\n<li>Le statue en bronze \u201cDe Gaper\u201d<\/li>\n<li>Le bunker de commandemant<\/li>\n<li>Le Mont Kemmel: 156 m de hauteur<\/li>\n<li>l&rsquo;Eglise de St.Laurentius<\/li>\n<\/ul>\n<p>Dranouter:<\/p>\n<ul>\n<li>Le festival de musique premier weekend du mois d\u2019ao\u00fbt<\/li>\n<li>Le monument du g\u00e9ographe \u2013 astronome Peter Plancius du\u00a0 16i\u00e8me si\u00e8cle<\/li>\n<li>Croix du Calvaire:\u00a0 Zwarte Molen: comm\u00e9moration \u00e9v\u00e9nements temps des gueuzes 16i\u00e8me si\u00e8cle<\/li>\n<li>\u00ab\u00a0Kruistombe\u00a0\u00bb pour 3 pr\u00eatres assassin\u00e9s de Reningelst tu\u00e9s au 16i\u00e8me si\u00e8cle<\/li>\n<li>Pavlik monument: Aviateur du Tsjechie Premi\u00e8re Guerre Mondiale<\/li>\n<li>Folk Exp\u00e9rience: le mus\u00e9e de musique moderne et interactive<\/li>\n<\/ul>\n<p>Wulvergem: Le village des baleines<\/p>\n<ul>\n<li>Eglise de Sint-Machutus<\/li>\n<li>Pond Farm Cemetery<\/li>\n<li>Wulverghem-Lindenhoek Road Military Cemetery<\/li>\n<li>Packhorse Farm Shrine Cemetery<\/li>\n<li><a href=\"https:\/\/nl.wikipedia.org\/wiki\/Wulvergem_Churchyard\" target=\"_blank\" rel=\"noopener\">Wulvergem Churchyard<\/a><\/li>\n<\/ul>\n<p>Nieuwkerke:<\/p>\n<ul>\n<li>Eglise romaine OLV<\/li>\n<li><a href=\"https:\/\/nl.wikipedia.org\/wiki\/Westhof_Farm_Cemetery\" target=\"_blank\" rel=\"noopener\">Westhof Farm Cemetery<\/a><\/li>\n<li><a href=\"https:\/\/nl.wikipedia.org\/wiki\/Maple_Leaf_Cemetery\" target=\"_blank\" rel=\"noopener\">Maple Leaf Cemetery<\/a><\/li>\n<li><a href=\"https:\/\/nl.wikipedia.org\/wiki\/Kandahar_Farm_Cemetery\" target=\"_blank\" rel=\"noopener\">Kandahar Farm Cemetery<\/a><\/li>\n<li><a href=\"https:\/\/nl.wikipedia.org\/wiki\/Lucien_Storme\" target=\"_blank\" rel=\"noopener\">Lucien Storme<\/a> (1916-1945), cycliste et gagnant de <a href=\"https:\/\/nl.wikipedia.org\/wiki\/Parijs-Roubaix\" target=\"_blank\" rel=\"noopener\">Paris-Roubaix<\/a><\/li>\n<\/ul>\n<p>Wijtschate:<\/p>\n<ul>\n<li>Bayernwald: les tranch\u00e9es allemandes de la premi\u00e8re guerre<\/li>\n<li>The London Scottisch Memorial<\/li>\n<li><a href=\"https:\/\/nl.wikipedia.org\/wiki\/Cabin_Hill_Cemetery\" target=\"_blank\" rel=\"noopener\">Cabin Hill Cemetery<\/a><\/li>\n<li><a href=\"https:\/\/nl.wikipedia.org\/wiki\/Croonaert_Chapel_Cemetery\" target=\"_blank\" rel=\"noopener\">Croonaert Chapel Cemetery<\/a><\/li>\n<li><a href=\"https:\/\/nl.wikipedia.org\/wiki\/Derry_House_Cemetery_No.2\" target=\"_blank\" rel=\"noopener\">Derry House Cemetery No.2<\/a><\/li>\n<li><a href=\"https:\/\/nl.wikipedia.org\/wiki\/Lone_Tree_Cemetery\" target=\"_blank\" rel=\"noopener\">Lone Tree Cemetery<\/a><\/li>\n<li><a href=\"https:\/\/nl.wikipedia.org\/wiki\/Oosttaverne_Wood_Cemetery\" target=\"_blank\" rel=\"noopener\">Oosttaverne Wood Cemetery<\/a><\/li>\n<li><a href=\"https:\/\/nl.wikipedia.org\/wiki\/R.E._Farm_Cemetery\" target=\"_blank\" rel=\"noopener\">R.E. Farm Cemetery<\/a><\/li>\n<li><a href=\"https:\/\/nl.wikipedia.org\/wiki\/Somer_Farm_Cemetery\" target=\"_blank\" rel=\"noopener\">Somer Farm Cemetery<\/a><\/li>\n<li><a href=\"https:\/\/nl.wikipedia.org\/wiki\/Spanbroekmolen_British_Cemetery\" target=\"_blank\" rel=\"noopener\">Spanbroekmolen British Cemetery<\/a><\/li>\n<li><a href=\"https:\/\/nl.wikipedia.org\/wiki\/Torreken_Farm_Cemetery_No.1\" target=\"_blank\" rel=\"noopener\">Torreken Farm Cemetery No.1<\/a><\/li>\n<li><a href=\"https:\/\/nl.wikipedia.org\/wiki\/Wytschaete_Military_Cemetery\" target=\"_blank\" rel=\"noopener\">Wytschaete Military Cemetery<\/a><\/li>\n<li>Eglise Sint-Medardus<\/li>\n<li>Spanbroekmolenkrater The Pool of Peace: mijnenkrater du WO I<\/li>\n<\/ul>\n<p>Loker:<\/p>\n<ul>\n<li>Tombe de major William Redmond<\/li>\n<li>Eglise Sint-Petrus<\/li>\n<li><a href=\"https:\/\/nl.wikipedia.org\/wiki\/Britse_Rijk\" target=\"_blank\" rel=\"noopener\">Cimeti\u00e8re Anglais<\/a> \u00ab\u00a0<a href=\"https:\/\/nl.wikipedia.org\/wiki\/Loker_Churchyard\" target=\"_blank\" rel=\"noopener\">Loker Churchyard\u00a0\u00bb<\/a><\/li>\n<li><a href=\"https:\/\/nl.wikipedia.org\/wiki\/Locre_No.10_Cemetery\" target=\"_blank\" rel=\"noopener\">Locre No.10 Cemetery<\/a><\/li>\n<li><a href=\"https:\/\/nl.wikipedia.org\/wiki\/Locre_Hospice_Cemetery\" target=\"_blank\" rel=\"noopener\">Locre Hospice Cemetery<\/a><\/li>\n<\/ul>\n<p>Westouter:<\/p>\n<ul>\n<li>Chapelle de Pologne Schomminkelstraat: comme remerciement pour la lib\u00e9ration par la premi\u00e8re Brigade Pologne 6 septembre 1944<\/li>\n<li>Le moulin en bois \u00ab\u00a0Lijstermolen\u00a0\u00bb sur le\u00a0 Rodeberg (Mont Rouge)<\/li>\n<li>Eglise Sint-Eligius<\/li>\n<li>Westouter Churchyard and Extension<\/li>\n<li><a href=\"https:\/\/nl.wikipedia.org\/wiki\/Westoutre_British_Cemetery\" target=\"_blank\" rel=\"noopener\">Westoutre British Cemetery<\/a><\/li>\n<li>Les Collines: <a href=\"https:\/\/nl.wikipedia.org\/wiki\/Rodeberg_%28Belgi%C3%AB%29\" target=\"_blank\" rel=\"noopener\">Rodeberg<\/a>, <a href=\"https:\/\/nl.wikipedia.org\/wiki\/Zwarteberg\" target=\"_blank\" rel=\"noopener\">Zwarteberg<\/a>, <a href=\"https:\/\/nl.wikipedia.org\/wiki\/Scherpenberg\" target=\"_blank\" rel=\"noopener\">Scherpenberg<\/a> et<a href=\"https:\/\/nl.wikipedia.org\/wiki\/Vidaigneberg\" target=\"_blank\" rel=\"noopener\">Vidaigneberg<\/a><\/li>\n<li>Le\u00a0 th\u00e9atre-festival de l&rsquo;\u00e9t\u00e9 \u00ab\u00a0Spots op West\u00a0\u00bb, une organisation de\u00a0 \u00ab\u00a0Opendoek Amateurtheater Vlaanderen\u00a0\u00bb<\/li>\n<li>Le dernier lundi du mois d\u2019ao\u00fbt le <a href=\"https:\/\/nl.wikipedia.org\/wiki\/Belcanto_Classic\" target=\"_blank\" rel=\"noopener\">Belcanto Classic<\/a> tour de cyclisme avec le chanteur <a href=\"https:\/\/nl.wikipedia.org\/wiki\/Guido_Belcanto\" target=\"_blank\" rel=\"noopener\">Guido Belcanto<\/a><\/li>\n<\/ul>\n<p>De Klijte:<\/p>\n<ul>\n<li>Cimeti\u00e8re Anglais <a href=\"https:\/\/nl.wikipedia.org\/wiki\/La_Clytte_Military_Cemetery\" target=\"_blank\" rel=\"noopener\">La Clytte Military Cemetery<\/a>.<\/li>\n<li>Eglise O.L.V.<\/li>\n<li>Scherpenberg (Mont Aigue) 125 m de hauteur<\/li>\n<\/ul>\n<p>\u00c9v\u00e9nements annuels:<\/p>\n<ul>\n<li>Braderie \u00e0 Kemmel: 1\u00b0 dimanche septembre<\/li>\n<li>Rallysprint Monteberg<\/li>\n<li><a href=\"https:\/\/www.festivaldranouter.be\" target=\"_blank\" rel=\"noopener\">Folkfestival Dranouter<\/a><\/li>\n<li>Passage <a href=\"http:\/\/www.gent-wevelgem.be\/nl\/gw\/elite-mannen\" target=\"_blank\" rel=\"noopener\">Gent-Wevelgem<\/a> sur le Mont Kemmel<\/li>\n<li>Passage <a href=\"http:\/\/www.driedaagse.be\/\" target=\"_blank\" rel=\"noopener\">Driedaagse De Panne<\/a> sur le Mont Kemmel<\/li>\n<li>Le <a href=\"https:\/\/www.belcantoclassic.be\" target=\"_blank\" rel=\"noopener\">Guido Belcanto Classic<\/a><\/li>\n<li>Spots op West: th\u00e9\u00e2tre pour amateurs<\/li>\n<\/ul>\n<\/div><div class=\"fusion-clearfix\"><\/div><\/div><\/div><div class=\"fusion-layout-column fusion_builder_column fusion-builder-column-2 fusion_builder_column_1_2 1_2 fusion-one-half fusion-column-last\" style=\"--awb-bg-size:cover;--awb-margin-bottom:0px;width:48%;\"><div class=\"fusion-column-wrapper fusion-flex-column-wrapper-legacy\"><div class=\"fusion-text fusion-text-2\"><p>Autres locations:<\/p>\n<p>Messines:<\/p>\n<ul>\n<li>Ierse Vredestoren WO1 et Vredespark<\/li>\n<li>London Scottish Monument<\/li>\n<li>NZ Memorial<\/li>\n<li>Ierse Vredespark<\/li>\n<li>NZ Messines Ridge Memorial<\/li>\n<li>Eglise de Sint-Niklaas avec Crypte et carillon<\/li>\n<li>Betleem Farm East &amp; West Cemetery<\/li>\n<li>Japanse Vredespaal<\/li>\n<li>Monument Deleu<\/li>\n<\/ul>\n<p>Ypres : Ville historique de \u201cLa Grande Guerre\u201d<\/p>\n<ul>\n<li>Mus\u00e9e\u00a0<a href=\"http:\/\/www.inflandersfields.be\/\">In Flanders Fields<\/a><\/li>\n<li><a href=\"http:\/\/www.2014-18.be\/\">De Groote Oorlog 1914-1918<\/a><\/li>\n<li>Mus\u00e9e\u00a0<a href=\"http:\/\/www.hoogecrater.com\/\">Hooge Crater 1914-1918<\/a><\/li>\n<li><a href=\"http:\/\/www.lastpost.be\/nl\/home\">Last Post<\/a><\/li>\n<li>The\u00a0<a href=\"https:\/\/www.cwgc.org\/\">Commonwealth War Graves Commission<\/a><\/li>\n<li>La Porte de Menin<\/li>\n<li>Lakenhallen et\u00a0 Belfroi<\/li>\n<li>Cath\u00e9dral de Saint-Martin<\/li>\n<li>Parade des chats<\/li>\n<li>Volkssterrenwacht\u00a0<a href=\"http:\/\/astrolab.be\/\">Astrolab Iris<\/a><\/li>\n<li><a href=\"http:\/\/www.wo1.be\/nl\/home\">Premi\u00e8re Guerre Mondiale<\/a><\/li>\n<li>The\u00a0<a href=\"http:\/\/www.westernfrontassociation.com\/\">Western Front Association<\/a><\/li>\n<li>Essex Farm Cemetery John Mc Crae<\/li>\n<\/ul>\n<p>\u00c9v\u00e9nements annuels:<\/p>\n<ul>\n<li><a href=\"http:\/\/www.100km.be\/\">100 km<\/a><\/li>\n<li><a href=\"http:\/\/www.4daagse.be\/index.php\/nl\/\">Vierdaagse van de IJzer<\/a><\/li>\n<li><a href=\"http:\/\/www.ypresrally.com\/\">Ypresrally<\/a><\/li>\n<li><a href=\"http:\/\/www.kerstmarkt-ieper.be\/k17\/index.php\/nl\/\">March\u00e9 de No\u00ebl<\/a><\/li>\n<li><a href=\"http:\/\/www.ri4vos.be\/\">Muzikale Dinsdagen<\/a><\/li>\n<\/ul>\n<p>Langemark:<\/p>\n<ul>\n<li>Cimeti\u00e8re Allemand<\/li>\n<li>Monument de guerre \u00ab\u00a0The Brooding Soldier\u00a0\u00bb<\/li>\n<li>Monument Hertfordshire<\/li>\n<li>Guynemer Monument<\/li>\n<li>Welsh National Memorial Park<\/li>\n<\/ul>\n<p>Passendale:<\/p>\n<ul>\n<li>Tyne Cot Cemetery WO1<\/li>\n<li><a href=\"http:\/\/www.deoudekaasmakerij.be\/\">De Oude Kaasmakerij<\/a><\/li>\n<li><a href=\"https:\/\/www.passchendaele.be\/\">Memorial Museum Passchendaele 1917<\/a><\/li>\n<\/ul>\n<p>Poperinge: La capitale du Houblon:<\/p>\n<ul>\n<li><a href=\"http:\/\/www.hopmuseum.be\/\">Hopmuseum<\/a><\/li>\n<li><a href=\"http:\/\/www.talbothouse.be\/nl\/\">Talbot House<\/a><\/li>\n<li><a href=\"http:\/\/www.lijssenthoek.be\/\">Lyssenthoek Military Cemetery<\/a><\/li>\n<li>Po\u00ebziezomer Watou<\/li>\n<li>Site Dodencellen &#8211; Executiepaal<\/li>\n<\/ul>\n<p>Zillebeke:<\/p>\n<ul>\n<li>Bellewaerde<\/li>\n<li>Provinciaal Domein De Palingbeek<\/li>\n<\/ul>\n<p>Zonnebeke:<\/p>\n<ul>\n<li>Memorial Museum Passchendaele 1917<\/li>\n<li>Polygoon Wood Cemetery<\/li>\n<\/ul>\n<\/div><div class=\"fusion-clearfix\"><\/div><\/div><\/div><\/div><\/div>\n","protected":false},"excerpt":{"rendered":"","protected":false},"author":1,"featured_media":0,"parent":0,"menu_order":0,"comment_status":"closed","ping_status":"closed","template":"","meta":{"footnotes":""},"class_list":["post-557","page","type-page","status-publish","hentry"],"aioseo_notices":[],"_links":{"self":[{"href":"https:\/\/lefever.info\/fr\/wp-json\/wp\/v2\/pages\/557","targetHints":{"allow":["GET"]}}],"collection":[{"href":"https:\/\/lefever.info\/fr\/wp-json\/wp\/v2\/pages"}],"about":[{"href":"https:\/\/lefever.info\/fr\/wp-json\/wp\/v2\/types\/page"}],"author":[{"embeddable":true,"href":"https:\/\/lefever.info\/fr\/wp-json\/wp\/v2\/users\/1"}],"replies":[{"embeddable":true,"href":"https:\/\/lefever.info\/fr\/wp-json\/wp\/v2\/comments?post=557"}],"version-history":[{"count":9,"href":"https:\/\/lefever.info\/fr\/wp-json\/wp\/v2\/pages\/557\/revisions"}],"predecessor-version":[{"id":682,"href":"https:\/\/lefever.info\/fr\/wp-json\/wp\/v2\/pages\/557\/revisions\/682"}],"wp:attachment":[{"href":"https:\/\/lefever.info\/fr\/wp-json\/wp\/v2\/media?parent=557"}],"curies":[{"name":"wp","href":"https:\/\/api.w.org\/{rel}","templated":true}]}}