{"id":548,"date":"2017-12-11T14:33:43","date_gmt":"2017-12-11T14:33:43","guid":{"rendered":"https:\/\/lefever.info\/home\/"},"modified":"2018-11-07T11:00:20","modified_gmt":"2018-11-07T11:00:20","slug":"home","status":"publish","type":"page","link":"https:\/\/lefever.info\/fr\/","title":{"rendered":"Home"},"content":{"rendered":"<div class=\"fusion-fullwidth fullwidth-box fusion-builder-row-1 nonhundred-percent-fullwidth non-hundred-percent-height-scrolling\" style=\"--awb-border-radius-top-left:0px;--awb-border-radius-top-right:0px;--awb-border-radius-bottom-right:0px;--awb-border-radius-bottom-left:0px;--awb-flex-wrap:wrap;\" ><div class=\"fusion-builder-row fusion-row\"><div class=\"fusion-layout-column fusion_builder_column fusion-builder-column-0 fusion_builder_column_1_1 1_1 fusion-one-full fusion-column-first fusion-column-last\" style=\"--awb-bg-size:cover;--awb-margin-bottom:0px;\"><div class=\"fusion-column-wrapper fusion-flex-column-wrapper-legacy\"><div class=\"fusion-title title fusion-title-1 fusion-sep-none fusion-title-text fusion-title-size-one\"><h1 class=\"fusion-title-heading title-heading-left\" style=\"margin:0;\">Bienvenue sur la page web de la famille Lefever<\/h1><\/div><div class=\"fusion-title title fusion-title-2 fusion-sep-none fusion-title-text fusion-title-size-four\"><h4 class=\"fusion-title-heading title-heading-left\" style=\"margin:0;\">Chambres d\u2019h\u00f4tes charmantes dans le village pittoresque et rural De Klijte, qui fait partie du Heuvelland au pied du Mont Kemmel<\/h4><\/div><div class=\"fusion-clearfix\"><\/div><\/div><\/div><div class=\"fusion-layout-column fusion_builder_column fusion-builder-column-1 fusion_builder_column_1_2 1_2 fusion-one-half fusion-column-first\" style=\"--awb-bg-size:cover;--awb-margin-bottom:0px;width:48%; margin-right: 4%;\"><div class=\"fusion-column-wrapper fusion-flex-column-wrapper-legacy\"><div class=\"fusion-text fusion-text-1\"><ul>\n<li>Nous disposons de 2 chambres familiales<\/li>\n<li>Maison de campagne dans un village pittoresque et rural au pied du Mont Kemmelberg<\/li>\n<li>Petit-d\u00e9jeuner copieux en buffet compos\u00e9 de produits locaux et servis sur la terrasse ext\u00e9rieure par beau temps<\/li>\n<li>A 9 km de Ypres et \u00e0 9 km de POPERINGE et \u00e0 3 km de la Flandre fran\u00e7aise et 9 km de l\u2019autoroute Lille-Dunkerque<\/li>\n<li>Situ\u00e9 directement sur le r\u00e9seau p\u00e9destre et cycliste<\/li>\n<li>Parking<\/li>\n<li>Boisson de bienvenue<\/li>\n<li>Arr\u00eat de bus \u00e0 100 m<\/li>\n<li>Un accueil chaleureux vous attend!<\/li>\n<\/ul>\n<\/div><div class=\"fusion-clearfix\"><\/div><\/div><\/div><div class=\"fusion-layout-column fusion_builder_column fusion-builder-column-2 fusion_builder_column_1_2 1_2 fusion-one-half fusion-column-last\" style=\"--awb-bg-size:cover;--awb-margin-bottom:0px;width:48%;\"><div class=\"fusion-column-wrapper fusion-flex-column-wrapper-legacy\"><div class=\"fusion-image-element fusion-image-align-center in-legacy-container\" style=\"text-align:center;--awb-caption-title-font-family:var(--h2_typography-font-family);--awb-caption-title-font-weight:var(--h2_typography-font-weight);--awb-caption-title-font-style:var(--h2_typography-font-style);--awb-caption-title-size:var(--h2_typography-font-size);--awb-caption-title-transform:var(--h2_typography-text-transform);--awb-caption-title-line-height:var(--h2_typography-line-height);--awb-caption-title-letter-spacing:var(--h2_typography-letter-spacing);\"><div class=\"imageframe-align-center\"><span class=\" fusion-imageframe imageframe-none imageframe-1 hover-type-none\"><img decoding=\"async\" width=\"1060\" height=\"560\" alt=\"Bed &amp; Breakfast Hof ter Klijte\" title=\"foto_hof_ter_klijte\" src=\"https:\/\/lefever.info\/wp-content\/uploads\/foto_hof_ter_klijte.jpg\" class=\"img-responsive wp-image-491\" srcset=\"https:\/\/lefever.info\/wp-content\/uploads\/foto_hof_ter_klijte-200x106.jpg 200w, https:\/\/lefever.info\/wp-content\/uploads\/foto_hof_ter_klijte-400x211.jpg 400w, https:\/\/lefever.info\/wp-content\/uploads\/foto_hof_ter_klijte-600x317.jpg 600w, https:\/\/lefever.info\/wp-content\/uploads\/foto_hof_ter_klijte-800x423.jpg 800w, https:\/\/lefever.info\/wp-content\/uploads\/foto_hof_ter_klijte.jpg 1060w\" sizes=\"(max-width: 800px) 100vw, 600px\" \/><\/span><\/div><\/div><div class=\"fusion-clearfix\"><\/div><\/div><\/div><div class=\"fusion-layout-column fusion_builder_column fusion-builder-column-3 fusion_builder_column_1_1 1_1 fusion-one-full fusion-column-first fusion-column-last\" style=\"--awb-bg-size:cover;\"><div class=\"fusion-column-wrapper fusion-flex-column-wrapper-legacy\"><div class=\"fusion-sep-clear\"><\/div><div class=\"fusion-separator fusion-full-width-sep\" style=\"margin-left: auto;margin-right: auto;margin-top:25px;margin-bottom:25px;width:100%;\"><\/div><div class=\"fusion-sep-clear\"><\/div>\t\t\t\t\t<script type=\"text\/javascript\">\n\t\t\t\t\t\tvar map_fusion_map_69fcf95fcd0eb;\n\t\t\t\t\t\tvar markers = [];\n\t\t\t\t\t\tvar counter = 0;\n\t\t\t\t\t\t\t\t\t\t\t\t\t\t\t\t\t\t\t\tvar fusionMapNonce = '8068064303';\n\t\t\t\t\t\t\t\t\t\t\t\tfunction fusion_run_map_fusion_map_69fcf95fcd0eb() {\n\t\t\t\t\t\t\tjQuery ('#fusion_map_69fcf95fcd0eb' ).fusion_maps( {\n\t\t\t\t\t\t\t\taddresses: [{\"address\":\"Reningelststraat 113, 8954 De Klijte\",\"infobox_content\":\"Reningelststraat 113, 8954 De Klijte\",\"marker\":\"https:\\\/\\\/lefever.info\\\/wp-content\\\/plugins\\\/fusion-builder\\\/images\\\/avada_map_marker.png\",\"coordinates\":false,\"cache\":true,\"latitude\":\"50.800395\",\"longitude\":\"2.801278000000025\"}],\n\t\t\t\t\t\t\t\tanimations: true,\n\t\t\t\t\t\t\t\tinfobox_background_color: 'rgba(36, 78, 128, 0.8)',\n\t\t\t\t\t\t\t\tinfobox_styling: 'custom',\n\t\t\t\t\t\t\t\tinfobox_text_color: '#fff',\n\t\t\t\t\t\t\t\tmap_style: 'custom',\n\t\t\t\t\t\t\t\tmap_type: 'terrain',\n\t\t\t\t\t\t\t\tmarker_icon: 'theme',\n\t\t\t\t\t\t\t\toverlay_color: '',\n\t\t\t\t\t\t\t\toverlay_color_hsl: {\"hue\":213,\"sat\":56,\"lum\":32},\n\t\t\t\t\t\t\t\tshow_address: true,\n\t\t\t\t\t\t\t\tscale_control: true,\n\t\t\t\t\t\t\t\tscrollwheel: true,\n\t\t\t\t\t\t\t\tzoom: 10,\n\t\t\t\t\t\t\t\tzoom_control: true,\n\t\t\t\t\t\t\t} );\n\t\t\t\t\t\t}\n\n\t\t\t\t\t\tgoogle.maps.event.addDomListener(window, 'load', fusion_run_map_fusion_map_69fcf95fcd0eb);\n\t\t\t\t\t<\/script>\n\t\t\t\t\t<div class=\"shortcode-map fusion-google-map fusion-maps-js-type\" id=\"fusion_map_69fcf95fcd0eb\"><\/div><div class=\"fusion-sep-clear\"><\/div><div class=\"fusion-separator fusion-full-width-sep\" style=\"margin-left: auto;margin-right: auto;margin-top:5px;margin-bottom:5px;width:100%;\"><\/div><div class=\"fusion-sep-clear\"><\/div><div class=\"fusion-title title fusion-title-3 fusion-sep-none fusion-title-text fusion-title-size-two\"><h2 class=\"fusion-title-heading title-heading-left\" style=\"margin:0;\">Coordonn\u00e9es GPS 50\u00b048\u201901.4\u201dN 2\u00b048\u201905.0\u201dE<\/h2><\/div><div class=\"fusion-clearfix\"><\/div><\/div><\/div><\/div><\/div>\n","protected":false},"excerpt":{"rendered":"","protected":false},"author":1,"featured_media":0,"parent":0,"menu_order":0,"comment_status":"closed","ping_status":"closed","template":"","meta":{"footnotes":""},"class_list":["post-548","page","type-page","status-publish","hentry"],"aioseo_notices":[],"_links":{"self":[{"href":"https:\/\/lefever.info\/fr\/wp-json\/wp\/v2\/pages\/548","targetHints":{"allow":["GET"]}}],"collection":[{"href":"https:\/\/lefever.info\/fr\/wp-json\/wp\/v2\/pages"}],"about":[{"href":"https:\/\/lefever.info\/fr\/wp-json\/wp\/v2\/types\/page"}],"author":[{"embeddable":true,"href":"https:\/\/lefever.info\/fr\/wp-json\/wp\/v2\/users\/1"}],"replies":[{"embeddable":true,"href":"https:\/\/lefever.info\/fr\/wp-json\/wp\/v2\/comments?post=548"}],"version-history":[{"count":7,"href":"https:\/\/lefever.info\/fr\/wp-json\/wp\/v2\/pages\/548\/revisions"}],"predecessor-version":[{"id":873,"href":"https:\/\/lefever.info\/fr\/wp-json\/wp\/v2\/pages\/548\/revisions\/873"}],"wp:attachment":[{"href":"https:\/\/lefever.info\/fr\/wp-json\/wp\/v2\/media?parent=548"}],"curies":[{"name":"wp","href":"https:\/\/api.w.org\/{rel}","templated":true}]}}