{"id":555,"date":"2017-12-19T18:46:56","date_gmt":"2017-12-19T18:46:56","guid":{"rendered":"https:\/\/lefever.info\/tarieven\/"},"modified":"2025-12-12T10:16:40","modified_gmt":"2025-12-12T09:16:40","slug":"preise","status":"publish","type":"page","link":"https:\/\/lefever.info\/de\/preise\/","title":{"rendered":"Preise"},"content":{"rendered":"<div class=\"fusion-fullwidth fullwidth-box fusion-builder-row-1 nonhundred-percent-fullwidth non-hundred-percent-height-scrolling\" style=\"--awb-border-radius-top-left:0px;--awb-border-radius-top-right:0px;--awb-border-radius-bottom-right:0px;--awb-border-radius-bottom-left:0px;--awb-flex-wrap:wrap;\" ><div class=\"fusion-builder-row fusion-row\"><div class=\"fusion-layout-column fusion_builder_column fusion-builder-column-0 fusion_builder_column_1_1 1_1 fusion-one-full fusion-column-first fusion-column-last\" style=\"--awb-bg-size:cover;--awb-margin-bottom:0px;\"><div class=\"fusion-column-wrapper fusion-flex-column-wrapper-legacy\"><div class=\"fusion-title title fusion-title-1 fusion-sep-none fusion-title-text fusion-title-size-one\"><h1 class=\"fusion-title-heading title-heading-left\" style=\"margin:0;\">Preise<\/h1><\/div><div class=\"fusion-title title fusion-title-2 fusion-sep-none fusion-title-text fusion-title-size-four\"><h4 class=\"fusion-title-heading title-heading-left\" style=\"margin:0;\">Gem\u00fctliche Zimmer mit einem komfortablen, sch\u00f6nen Badezimmer mit ger\u00e4umiger Dusche sowie 2 Toiletten<\/h4><\/div><div class=\"fusion-clearfix\"><\/div><\/div><\/div><div class=\"fusion-layout-column fusion_builder_column fusion-builder-column-1 fusion_builder_column_1_2 1_2 fusion-one-half fusion-column-first\" style=\"--awb-bg-size:cover;--awb-margin-bottom:0px;width:48%; margin-right: 4%;\"><div class=\"fusion-column-wrapper fusion-flex-column-wrapper-legacy\"><div class=\"fusion-text fusion-text-1\"><ul>\n<li>Willkommensgetr\u00e4nk wird bei Ankunft freundlich angeboten<\/li>\n<li>Morgens bekommen Sie ein k\u00f6nigliches Fr\u00fchst\u00fcck<\/li>\n<li>Eine grosse Auswahl an Getr\u00e4nke steht\u00a0 in unsere Hausbar zur Verf\u00fcgung<\/li>\n<li>Sch\u00f6ner Garten mit Sonnenterrasse<\/li>\n<li>Haustiere NICHT zugelassen<\/li>\n<\/ul>\n<\/div><div class=\"fusion-clearfix\"><\/div><\/div><\/div><div class=\"fusion-layout-column fusion_builder_column fusion-builder-column-2 fusion_builder_column_1_2 1_2 fusion-one-half fusion-column-last\" style=\"--awb-bg-size:cover;--awb-margin-bottom:0px;width:48%;\"><div class=\"fusion-column-wrapper fusion-flex-column-wrapper-legacy\"><div class=\"fusion-image-carousel fusion-image-carousel-auto fusion-image-carousel-1\"><div class=\"awb-carousel awb-swiper awb-swiper-carousel awb-carousel--carousel awb-swiper-dots-position-bottom\" data-layout=\"carousel\" data-autoplay=\"yes\" data-autoplayspeed=\"2500\" data-autoplaypause=\"no\" data-columns=\"1\" data-columnsmedium=\"1\" data-columnssmall=\"1\" data-itemmargin=\"13\" data-itemwidth=\"180\" data-touchscroll=\"no\" data-freemode=\"no\" data-imagesize=\"auto\" data-scrollitems=\"0\" data-centeredslides=\"no\" data-rotationangle=\"50\" data-depth=\"100\" data-speed=\"500\" data-shadow=\"no\" data-pagination=\"bullets\" style=\"--awb-columns:1;\"><div class=\"swiper-wrapper awb-image-carousel-wrapper fusion-flex-align-items-center\"><div class=\"swiper-slide\"><div class=\"fusion-carousel-item-wrapper\"><div class=\"fusion-image-wrapper hover-type-none\"><img decoding=\"async\" src=\"http:\/\/lefever.info\/wp-content\/uploads\/foto_woonkamer.jpg\" alt=\"\"\/><\/div><\/div><\/div><div class=\"swiper-slide\"><div class=\"fusion-carousel-item-wrapper\"><div class=\"fusion-image-wrapper hover-type-none\"><img decoding=\"async\" src=\"http:\/\/lefever.info\/wp-content\/uploads\/foto_badkamer.jpg\" alt=\"\"\/><\/div><\/div><\/div><\/div><\/div><\/div><div class=\"fusion-clearfix\"><\/div><\/div><\/div><div class=\"fusion-layout-column fusion_builder_column fusion-builder-column-3 fusion_builder_column_1_2 1_2 fusion-one-half fusion-column-first\" style=\"--awb-bg-size:cover;--awb-margin-bottom:0px;width:48%; margin-right: 4%;\"><div class=\"fusion-column-wrapper fusion-flex-column-wrapper-legacy\"><div class=\"fusion-text fusion-text-2\"><p>Die Preise sind f\u00fcr einen Aufenthalt von einer Nacht mit Fr\u00fchst\u00fcck:<\/p>\n<ul>\n<li>1 Person: 45 \u20ac<\/li>\n<li>2 Personen: 70 \u20ac<\/li>\n<\/ul>\n<div id=\"ConnectiveDocSignExtentionInstalled\" data-extension-version=\"1.0.4\"><\/div>\n<\/div><div class=\"fusion-clearfix\"><\/div><\/div><\/div><div class=\"fusion-layout-column fusion_builder_column fusion-builder-column-4 fusion_builder_column_1_2 1_2 fusion-one-half fusion-column-last\" style=\"--awb-bg-size:cover;--awb-margin-bottom:0px;width:48%;\"><div class=\"fusion-column-wrapper fusion-flex-column-wrapper-legacy\"><div class=\"fusion-image-carousel fusion-image-carousel-auto fusion-image-carousel-2\"><div class=\"awb-carousel awb-swiper awb-swiper-carousel awb-carousel--carousel awb-swiper-dots-position-bottom\" data-layout=\"carousel\" data-autoplay=\"yes\" data-autoplayspeed=\"2500\" data-autoplaypause=\"no\" data-columns=\"1\" data-columnsmedium=\"1\" data-columnssmall=\"1\" data-itemmargin=\"13\" data-itemwidth=\"180\" data-touchscroll=\"no\" data-freemode=\"no\" data-imagesize=\"auto\" data-scrollitems=\"0\" data-centeredslides=\"no\" data-rotationangle=\"50\" data-depth=\"100\" data-speed=\"500\" data-shadow=\"no\" data-pagination=\"bullets\" style=\"--awb-columns:1;\"><div class=\"swiper-wrapper awb-image-carousel-wrapper fusion-flex-align-items-center\"><div class=\"swiper-slide\"><div class=\"fusion-carousel-item-wrapper\"><div class=\"fusion-image-wrapper hover-type-none\"><img decoding=\"async\" src=\"http:\/\/lefever.info\/wp-content\/uploads\/foto_slaapkamer_4.jpg\" alt=\"\"\/><\/div><\/div><\/div><div class=\"swiper-slide\"><div class=\"fusion-carousel-item-wrapper\"><div class=\"fusion-image-wrapper hover-type-none\"><img decoding=\"async\" src=\"http:\/\/lefever.info\/wp-content\/uploads\/foto_slaapkamer_3.jpg\" alt=\"\"\/><\/div><\/div><\/div><\/div><\/div><\/div><div class=\"fusion-clearfix\"><\/div><\/div><\/div><div class=\"fusion-layout-column fusion_builder_column fusion-builder-column-5 fusion_builder_column_1_2 1_2 fusion-one-half fusion-column-first\" style=\"--awb-bg-size:cover;--awb-margin-bottom:0px;width:48%; margin-right: 4%;\"><div class=\"fusion-column-wrapper fusion-flex-column-wrapper-legacy\"><div class=\"fusion-text fusion-text-3\"><p>Online-Reservierungen k\u00f6nnen \u00fcber die Seite <a title=\"Buchung\" href=\"https:\/\/lefever.info\/de\/buchung\/\" target=\"_blank\" rel=\"noopener\">Buchung<\/a> vorgenommen werden.<\/p>\n<p>F\u00fcr klassische Reservierungen oder Informationen senden Sie uns bitte eine E-Mail oder kontaktieren Sie uns unter der unten stehenden Adresse:<\/p>\n<p>Familie Lefever<br \/>Reningelststraat 113<br \/>B-8954 De Klijte (Heuvelland)<br \/>Tel. +32 57 44 50 72<br \/>Handy +32 476 97 17 72<\/p>\n<p>Genussmenschen k\u00f6nnen das Heuvelland mit Hilfe unz\u00e4hliger Wander- und Radrouten entlang von W\u00e4ldern und Naturgebieten genie\u00dfen. Legen Sie eine Pause ein und genie\u00dfen Sie die atemberaubende Fernsicht bis zur franz\u00f6sischen Stadt Lille und bis zur K\u00fcste. So k\u00f6nnen Sie die Ruhe der pr\u00e4chtigen Landschaft und die verborgenen Perlen entdecken, an denen unsere Gegend so reich ist.<\/p>\n<\/div><div class=\"fusion-image-element in-legacy-container\" style=\"--awb-caption-title-font-family:var(--h2_typography-font-family);--awb-caption-title-font-weight:var(--h2_typography-font-weight);--awb-caption-title-font-style:var(--h2_typography-font-style);--awb-caption-title-size:var(--h2_typography-font-size);--awb-caption-title-transform:var(--h2_typography-text-transform);--awb-caption-title-line-height:var(--h2_typography-line-height);--awb-caption-title-letter-spacing:var(--h2_typography-letter-spacing);\"><span class=\" fusion-imageframe imageframe-none imageframe-1 hover-type-none\"><img decoding=\"async\" width=\"100\" height=\"100\" title=\"logo-app\" src=\"https:\/\/lefever.info\/wp-content\/uploads\/logo-app.png\" alt class=\"img-responsive wp-image-4018\" srcset=\"https:\/\/lefever.info\/wp-content\/uploads\/logo-app-66x66.png 66w, https:\/\/lefever.info\/wp-content\/uploads\/logo-app.png 100w\" sizes=\"(max-width: 100px) 100vw, 100px\" \/><\/span><\/div><div class=\"fusion-clearfix\"><\/div><\/div><\/div><div class=\"fusion-layout-column fusion_builder_column fusion-builder-column-6 fusion_builder_column_1_2 1_2 fusion-one-half fusion-column-last\" style=\"--awb-bg-size:cover;--awb-margin-bottom:0px;width:48%;\"><div class=\"fusion-column-wrapper fusion-flex-column-wrapper-legacy\"><div class=\"fusion-image-carousel fusion-image-carousel-auto fusion-image-carousel-3\"><div class=\"awb-carousel awb-swiper awb-swiper-carousel awb-carousel--carousel awb-swiper-dots-position-bottom\" data-layout=\"carousel\" data-autoplay=\"yes\" data-autoplayspeed=\"2500\" data-autoplaypause=\"no\" data-columns=\"1\" data-columnsmedium=\"1\" data-columnssmall=\"1\" data-itemmargin=\"13\" data-itemwidth=\"180\" data-touchscroll=\"no\" data-freemode=\"no\" data-imagesize=\"auto\" data-scrollitems=\"0\" data-centeredslides=\"no\" data-rotationangle=\"50\" data-depth=\"100\" data-speed=\"500\" data-shadow=\"no\" data-pagination=\"bullets\" style=\"--awb-columns:1;\"><div class=\"swiper-wrapper awb-image-carousel-wrapper fusion-flex-align-items-center\"><div class=\"swiper-slide\"><div class=\"fusion-carousel-item-wrapper\"><div class=\"fusion-image-wrapper hover-type-none\"><img decoding=\"async\" src=\"http:\/\/lefever.info\/wp-content\/uploads\/foto_slaapkamer_2.jpg\" alt=\"\"\/><\/div><\/div><\/div><div class=\"swiper-slide\"><div class=\"fusion-carousel-item-wrapper\"><div class=\"fusion-image-wrapper hover-type-none\"><img decoding=\"async\" src=\"http:\/\/lefever.info\/wp-content\/uploads\/foto_slaapkamer_1.jpg\" alt=\"\"\/><\/div><\/div><\/div><\/div><\/div><\/div><div class=\"fusion-clearfix\"><\/div><\/div><\/div><\/div><\/div>\n","protected":false},"excerpt":{"rendered":"","protected":false},"author":1,"featured_media":0,"parent":0,"menu_order":0,"comment_status":"closed","ping_status":"closed","template":"","meta":{"footnotes":""},"class_list":["post-555","page","type-page","status-publish","hentry"],"aioseo_notices":[],"_links":{"self":[{"href":"https:\/\/lefever.info\/de\/wp-json\/wp\/v2\/pages\/555","targetHints":{"allow":["GET"]}}],"collection":[{"href":"https:\/\/lefever.info\/de\/wp-json\/wp\/v2\/pages"}],"about":[{"href":"https:\/\/lefever.info\/de\/wp-json\/wp\/v2\/types\/page"}],"author":[{"embeddable":true,"href":"https:\/\/lefever.info\/de\/wp-json\/wp\/v2\/users\/1"}],"replies":[{"embeddable":true,"href":"https:\/\/lefever.info\/de\/wp-json\/wp\/v2\/comments?post=555"}],"version-history":[{"count":14,"href":"https:\/\/lefever.info\/de\/wp-json\/wp\/v2\/pages\/555\/revisions"}],"predecessor-version":[{"id":8813,"href":"https:\/\/lefever.info\/de\/wp-json\/wp\/v2\/pages\/555\/revisions\/8813"}],"wp:attachment":[{"href":"https:\/\/lefever.info\/de\/wp-json\/wp\/v2\/media?parent=555"}],"curies":[{"name":"wp","href":"https:\/\/api.w.org\/{rel}","templated":true}]}}